{"id":246625,"date":"2021-10-12T10:33:17","date_gmt":"2021-10-12T10:33:17","guid":{"rendered":"https:\/\/www.ccurbelo.com\/?page_id=246625"},"modified":"2021-10-28T09:52:30","modified_gmt":"2021-10-28T09:52:30","slug":"piel-y-textura","status":"publish","type":"page","link":"https:\/\/www.ccurbelo.com\/index.php\/piel-y-textura\/","title":{"rendered":"Piel y textura"},"content":{"rendered":"<p>[et_pb_section fb_built=\u00bb1&#8243; admin_label=\u00bbHero\u00bb _builder_version=\u00bb3.22&#8243; custom_padding=\u00bb0px|0px|0px|0px\u00bb animation_style=\u00bbzoom\u00bb animation_intensity_zoom=\u00bb4%\u00bb global_colors_info=\u00bb{}\u00bb][et_pb_row column_structure=\u00bb1_2,1_2&#8243; use_custom_gutter=\u00bbon\u00bb gutter_width=\u00bb1&#8243; make_equal=\u00bbon\u00bb module_class=\u00bb et_pb_row_fullwidth\u00bb _builder_version=\u00bb4.11.4&#8243; background_color=\u00bb#ffffff\u00bb background_enable_image=\u00bboff\u00bb background_position=\u00bbtop_left\u00bb background_repeat=\u00bbrepeat\u00bb width=\u00bb100%\u00bb width_tablet=\u00bb100%\u00bb width_phone=\u00bb\u00bb width_last_edited=\u00bbon|desktop\u00bb max_width=\u00bb100%\u00bb max_width_tablet=\u00bb100%\u00bb max_width_phone=\u00bb\u00bb max_width_last_edited=\u00bbon|desktop\u00bb custom_padding=\u00bb0px||0px|\u00bb animation_style=\u00bbslide\u00bb animation_direction=\u00bbtop\u00bb animation_intensity_slide=\u00bb3%\u00bb make_fullwidth=\u00bbon\u00bb global_colors_info=\u00bb{}\u00bb][et_pb_column type=\u00bb1_2&#8243; _builder_version=\u00bb4.7.7&#8243; custom_padding=\u00bb10%|8%|10%|8%\u00bb global_colors_info=\u00bb{}\u00bb custom_padding__hover=\u00bb|||\u00bb][et_pb_text _builder_version=\u00bb4.11.2&#8243; text_font=\u00bbMontserrat|500||on|||||\u00bb text_text_color=\u00bb#353740&#8243; text_font_size=\u00bb16px\u00bb text_letter_spacing=\u00bb3px\u00bb background_size=\u00bbinitial\u00bb background_position=\u00bbtop_left\u00bb background_repeat=\u00bbrepeat\u00bb custom_margin=\u00bb0px||45px|||\u00bb animation_style=\u00bbslide\u00bb animation_direction=\u00bbbottom\u00bb locked=\u00bboff\u00bb global_colors_info=\u00bb{}\u00bb]<\/p>\n<p>MODA<\/p>\n<p>[\/et_pb_text][et_pb_text _builder_version=\u00bb4.11.2&#8243; text_font=\u00bb||||||||\u00bb header_font=\u00bbPrata||||||||\u00bb header_text_color=\u00bb#000000&#8243; header_font_size=\u00bb56px\u00bb header_line_height=\u00bb1.3em\u00bb header_2_font=\u00bbPrata||||||||\u00bb background_size=\u00bbinitial\u00bb background_position=\u00bbtop_left\u00bb background_repeat=\u00bbrepeat\u00bb custom_margin=\u00bb||29px|||\u00bb animation_style=\u00bbfade\u00bb header_font_size_last_edited=\u00bboff|desktop\u00bb locked=\u00bboff\u00bb global_colors_info=\u00bb{}\u00bb]<\/p>\n<h1>Piel y textura<\/h1>\n<p>[\/et_pb_text][et_pb_text _builder_version=\u00bb4.11.4&#8243; text_font=\u00bb||||||||\u00bb text_text_color=\u00bb#353740&#8243; text_line_height=\u00bb1.8em\u00bb header_font=\u00bb||||||||\u00bb background_size=\u00bbinitial\u00bb background_position=\u00bbtop_left\u00bb background_repeat=\u00bbrepeat\u00bb custom_margin=\u00bb||0px|||\u00bb animation_style=\u00bbslide\u00bb animation_direction=\u00bbtop\u00bb animation_intensity_slide=\u00bb17%\u00bb hover_enabled=\u00bb0&#8243; locked=\u00bboff\u00bb global_colors_info=\u00bb{}\u00bb sticky_enabled=\u00bb0&#8243;]<\/p>\n<p style=\"text-align: justify;\">El \u00e1rbol, al que pertenece el reino de la madera se extiende como anillo intermedio entre la quietud geol\u00f3gica de la piedra y la libertad din\u00e1mica del animal. Es un ser viviente, due\u00f1o y prisionero a la vez, del sitio en el que crece, el \u00fanico movimiento que le cabe es el desarrollo vertical.<br \/>Su cuerpo, se extiende como puente entre los cuatro elementos, trepa desde el agua y la tierra que dialogan en las profundidades hacia el aire atmosf\u00e9rico, la bov\u00e9da celeste y por ende el fuego del sol.<\/p>\n<p style=\"text-align: justify;\">La madera, es s\u00edmbolo de nobleza, calidad dise\u00f1o y confort. Es un material vivo, cuya belleza y resistencia han sido inspiraci\u00f3n para el hombre desde sus or\u00edgenes.<\/p>\n<p style=\"text-align: justify;\">En efecto, los le\u00f1os, los troncos, las ra\u00edces, las esencias vegetales, el cart\u00f3n, el papel, si bien nunca estuvieron muertos, al ingresar el orden escult\u00f3rico cobran nueva vida, se humanizan, se integran al muestrario pl\u00e1stico de la cultura.<br \/>Y entonces no sabemos si el \u00e1rbol, o el hombre, o a los dos juntos, a quienes debemos dar las gracias por esta alianza de formas y sentidos, por esta asamblea de objetos creados que, a la par de engradecernos, nos llaman a la contemplaci\u00f3n humilde de la obra de arte.<\/p>\n<p style=\"text-align: justify;\">La colecci\u00f3n est\u00e1 inspirada en el \u00e1rbol y sus derivados, usando el c\u00edrculo como nexo de la uni\u00f3n, donde las diferentes texturas naturales, junto a una gran variedad bot\u00e1nica y crom\u00e1tica, conforman unas composiciones de l\u00ednea muy actual.<\/p>\n<p>[\/et_pb_text][\/et_pb_column][et_pb_column type=\u00bb1_2&#8243; _builder_version=\u00bb4.11.4&#8243; background_image=\u00bbhttps:\/\/www.ccurbelo.com\/wp-content\/uploads\/2021\/10\/Trabajo-No8.jpg\u00bb custom_padding=\u00bb|||\u00bb global_colors_info=\u00bb{}\u00bb custom_padding__hover=\u00bb|||\u00bb][\/et_pb_column][\/et_pb_row][\/et_pb_section][et_pb_section fb_built=\u00bb1&#8243; admin_label=\u00bbLatest Work Section\u00bb _builder_version=\u00bb4.11.2&#8243; background_enable_color=\u00bboff\u00bb use_background_color_gradient=\u00bbon\u00bb background_color_gradient_start=\u00bbrgba(255,255,255,0.92)\u00bb background_color_gradient_end=\u00bbrgba(255,255,255,0.7)\u00bb background_color_gradient_type=\u00bbradial\u00bb background_color_gradient_overlays_image=\u00bbon\u00bb background_image=\u00bbhttps:\/\/www.ccurbelo.com\/wp-content\/uploads\/2020\/12\/gris-100-scaled.jpg\u00bb custom_padding=\u00bb110px||110px|\u00bb global_colors_info=\u00bb{}\u00bb][et_pb_row _builder_version=\u00bb4.11.2&#8243; _module_preset=\u00bbdefault\u00bb global_colors_info=\u00bb{}\u00bb][et_pb_column type=\u00bb4_4&#8243; _builder_version=\u00bb4.11.2&#8243; _module_preset=\u00bbdefault\u00bb global_colors_info=\u00bb{}\u00bb][dnxte_masonary gallery_ids=\u00bb246762,246589,246581,246588,246587,246590,246586,246763,246764,246767,246765,246766,246585,246582,246591,246583,246580&#8243; _builder_version=\u00bb4.11.4&#8243; _module_preset=\u00bbdefault\u00bb global_colors_info=\u00bb{}\u00bb][\/dnxte_masonary][\/et_pb_column][\/et_pb_row][et_pb_row _builder_version=\u00bb4.11.4&#8243; _module_preset=\u00bbdefault\u00bb global_colors_info=\u00bb{}\u00bb][et_pb_column type=\u00bb4_4&#8243; _builder_version=\u00bb4.11.4&#8243; _module_preset=\u00bbdefault\u00bb global_colors_info=\u00bb{}\u00bb][et_pb_video_slider _builder_version=\u00bb4.11.4&#8243; _module_preset=\u00bbdefault\u00bb global_colors_info=\u00bb{}\u00bb][et_pb_video_slider_item src=\u00bbhttps:\/\/www.youtube.com\/watch?v=6A180PbhW4I&#038;t=114s\u00bb image_src=\u00bb<iframe title=%22Divi. The Ultimate WordPress Theme And Visual Page Builder%22 width=%221080%22 height=%22608%22 src=%22https:\/\/www.youtube.com\/embed\/FkQuawiGWUw?feature=oembed%22  allow=%22accelerometer; autoplay; clipboard-write; encrypted-media; gyroscope; picture-in-picture%22 allowfullscreen><\/iframe>\u00bb _builder_version=\u00bb4.11.4&#8243; _module_preset=\u00bbdefault\u00bb global_colors_info=\u00bb{}\u00bb show_image_overlay=\u00bboff\u00bb][\/et_pb_video_slider_item][\/et_pb_video_slider][\/et_pb_column][\/et_pb_row][\/et_pb_section]<\/p>\n","protected":false},"excerpt":{"rendered":"<p>MODAPiel y texturaEl \u00e1rbol, al que pertenece el reino de la madera se extiende como anillo intermedio entre la quietud geol\u00f3gica de la piedra y la libertad din\u00e1mica del animal. Es un ser viviente, due\u00f1o y prisionero a la vez, del sitio en el que crece, el \u00fanico movimiento que le cabe es el desarrollo [&hellip;]<\/p>\n","protected":false},"author":1,"featured_media":0,"parent":0,"menu_order":0,"comment_status":"closed","ping_status":"closed","template":"","meta":{"_et_pb_use_builder":"on","_et_pb_old_content":"","_et_gb_content_width":""},"_links":{"self":[{"href":"https:\/\/www.ccurbelo.com\/index.php\/wp-json\/wp\/v2\/pages\/246625"}],"collection":[{"href":"https:\/\/www.ccurbelo.com\/index.php\/wp-json\/wp\/v2\/pages"}],"about":[{"href":"https:\/\/www.ccurbelo.com\/index.php\/wp-json\/wp\/v2\/types\/page"}],"author":[{"embeddable":true,"href":"https:\/\/www.ccurbelo.com\/index.php\/wp-json\/wp\/v2\/users\/1"}],"replies":[{"embeddable":true,"href":"https:\/\/www.ccurbelo.com\/index.php\/wp-json\/wp\/v2\/comments?post=246625"}],"version-history":[{"count":9,"href":"https:\/\/www.ccurbelo.com\/index.php\/wp-json\/wp\/v2\/pages\/246625\/revisions"}],"predecessor-version":[{"id":246891,"href":"https:\/\/www.ccurbelo.com\/index.php\/wp-json\/wp\/v2\/pages\/246625\/revisions\/246891"}],"wp:attachment":[{"href":"https:\/\/www.ccurbelo.com\/index.php\/wp-json\/wp\/v2\/media?parent=246625"}],"curies":[{"name":"wp","href":"https:\/\/api.w.org\/{rel}","templated":true}]}}