{"id":246821,"date":"2021-10-23T07:43:56","date_gmt":"2021-10-23T07:43:56","guid":{"rendered":"https:\/\/www.ccurbelo.com\/?page_id=246821"},"modified":"2021-10-28T16:31:00","modified_gmt":"2021-10-28T16:31:00","slug":"1492-2","status":"publish","type":"page","link":"https:\/\/www.ccurbelo.com\/index.php\/1492-2\/","title":{"rendered":"1492"},"content":{"rendered":"<p>[et_pb_section fb_built=\u00bb1&#8243; admin_label=\u00bbHero\u00bb _builder_version=\u00bb3.22&#8243; custom_padding=\u00bb0px|0px|0px|0px\u00bb animation_style=\u00bbzoom\u00bb animation_intensity_zoom=\u00bb4%\u00bb global_colors_info=\u00bb{}\u00bb][et_pb_row column_structure=\u00bb1_2,1_2&#8243; use_custom_gutter=\u00bbon\u00bb gutter_width=\u00bb1&#8243; make_equal=\u00bbon\u00bb module_class=\u00bb et_pb_row_fullwidth\u00bb _builder_version=\u00bb4.11.4&#8243; background_color=\u00bb#ffffff\u00bb background_enable_image=\u00bboff\u00bb background_position=\u00bbtop_left\u00bb background_repeat=\u00bbrepeat\u00bb width=\u00bb100%\u00bb width_tablet=\u00bb100%\u00bb width_phone=\u00bb\u00bb width_last_edited=\u00bbon|desktop\u00bb max_width=\u00bb100%\u00bb max_width_tablet=\u00bb100%\u00bb max_width_phone=\u00bb\u00bb max_width_last_edited=\u00bbon|desktop\u00bb custom_padding=\u00bb0px||0px|||\u00bb animation_style=\u00bbslide\u00bb animation_direction=\u00bbtop\u00bb animation_intensity_slide=\u00bb3%\u00bb make_fullwidth=\u00bbon\u00bb global_colors_info=\u00bb{}\u00bb][et_pb_column type=\u00bb1_2&#8243; _builder_version=\u00bb4.7.7&#8243; custom_padding=\u00bb10%|8%|10%|8%\u00bb global_colors_info=\u00bb{}\u00bb custom_padding__hover=\u00bb|||\u00bb][et_pb_text _builder_version=\u00bb4.11.2&#8243; text_font=\u00bbMontserrat|500||on|||||\u00bb text_text_color=\u00bb#353740&#8243; text_font_size=\u00bb16px\u00bb text_letter_spacing=\u00bb3px\u00bb background_size=\u00bbinitial\u00bb background_position=\u00bbtop_left\u00bb background_repeat=\u00bbrepeat\u00bb custom_margin=\u00bb-71px||25px|||\u00bb animation_style=\u00bbslide\u00bb animation_direction=\u00bbbottom\u00bb locked=\u00bboff\u00bb global_colors_info=\u00bb{}\u00bb]<\/p>\n<p>MODA<\/p>\n<p>[\/et_pb_text][et_pb_text _builder_version=\u00bb4.11.4&#8243; text_font=\u00bb||||||||\u00bb header_font=\u00bbPrata||||||||\u00bb header_text_color=\u00bb#000000&#8243; header_font_size=\u00bb56px\u00bb header_line_height=\u00bb1.3em\u00bb header_2_font=\u00bbPrata||||||||\u00bb background_size=\u00bbinitial\u00bb background_position=\u00bbtop_left\u00bb background_repeat=\u00bbrepeat\u00bb custom_margin=\u00bb||10px|||\u00bb animation_style=\u00bbfade\u00bb header_font_size_last_edited=\u00bboff|desktop\u00bb locked=\u00bboff\u00bb global_colors_info=\u00bb{}\u00bb]<\/p>\n<h1>1492<\/h1>\n<p>[\/et_pb_text][et_pb_text _builder_version=\u00bb4.11.4&#8243; text_font=\u00bb||||||||\u00bb text_text_color=\u00bb#353740&#8243; text_line_height=\u00bb1.8em\u00bb header_font=\u00bb||||||||\u00bb background_size=\u00bbinitial\u00bb background_position=\u00bbtop_left\u00bb background_repeat=\u00bbrepeat\u00bb custom_margin=\u00bb|-18px|-3px|||\u00bb custom_padding=\u00bb|0px|0px|||\u00bb animation_style=\u00bbslide\u00bb animation_direction=\u00bbtop\u00bb animation_intensity_slide=\u00bb17%\u00bb hover_enabled=\u00bb0&#8243; locked=\u00bboff\u00bb global_colors_info=\u00bb{}\u00bb sticky_enabled=\u00bb0&#8243;]<\/p>\n<p style=\"text-align: justify;\">La colecci\u00f3n 1492 est\u00e1 inspirada en el momento hist\u00f3rico que se produce justo despu\u00e9s de la llegada de los espa\u00f1oles al continente americano.<br \/>Canarias es el puesto m\u00e1s al sur de Europa y por ello juega un papel fundamental en el intercambio de productos entre ambos continentes. Fruto de esa situaci\u00f3n, se instalan en canarias mercanc\u00edas procedentes de Am\u00e9rica, Europa y resto del mundo, tales como aguacates, papas, cebollas, caf\u00e9, ma\u00edz, cacao, man\u00ed, cereales, naranjas, etc\u2026,<br \/>Con esta base documental, nace la inspiraci\u00f3n de esta colecci\u00f3n de ba\u00f1o.<br \/>Teniendo como punto de partida la elaboraci\u00f3n de varias acuarelas encargadas al artista palmero Cesar Rodr\u00edguez, en las que se plasman diferentes frutas, cereales, tabaco, caf\u00e9, etc\u2026, se trasladan las im\u00e1genes al tejido destinado a la confecci\u00f3n de los ba\u00f1adores.<br \/>La colecci\u00f3n de ba\u00f1adores 1492 by Carlos Curbelo, est\u00e1 confeccionada en licra mate de gramaje medio, estampado las acuarelas por sublimaci\u00f3n y dando a la imagen gran calidad en intenci\u00f3n y en definici\u00f3n, sin alterar el soporte en textura y tacto.<br \/>El interior de la prenda, est\u00e1 forrado con un g\u00e9nero espumoso muy confortable, embolsando gomas de piernas y cintura de manera que quedan ocultas.<br \/>El dise\u00f1o de la prenda, consta de una \u00fanica costura vista en la parte posterior y pinza anterior. La estructura interior permite eliminar pespuntes, minimizando de esta manera las l\u00edneas de costuras, facilitando as\u00ed la limpieza de sus estampados.<br \/>Esta ejecuci\u00f3n dota a la colecci\u00f3n de una l\u00ednea neta y distinguida, elevando la gama de la prenda a una experiencia de concepto y dise\u00f1o.<br \/>La colecci\u00f3n est\u00e1 compuesta por 12 ba\u00f1adores masculinos y 1 femenino, que se presentan en pasarela con creaciones art\u00edstico florales, elaboradas de manera artesanal por Carlos Curbelo e inspiradas en piezas de la vestimenta representativa del siglo XV, \u00e9poca de reinado de los Reyes Cat\u00f3licos.<br \/>Corpi\u00f1os, lechuguillas, capas, estolas, sombreros, armaduras, son piezas que se recrean mediante la manipulaci\u00f3n del g\u00e9nero con t\u00e9cnicas de secado, encolado, alambrado, etc., teniendo como base el producto plasmado en el ba\u00f1ador.<\/p>\n<p>[\/et_pb_text][\/et_pb_column][et_pb_column type=\u00bb1_2&#8243; _builder_version=\u00bb4.11.4&#8243; background_image=\u00bbhttps:\/\/www.ccurbelo.com\/wp-content\/uploads\/2021\/10\/CARLOS-CURBELO-TFBCA-8.jpg\u00bb custom_padding=\u00bb0px||0px||false|false\u00bb global_colors_info=\u00bb{}\u00bb custom_padding__hover=\u00bb|||\u00bb][\/et_pb_column][\/et_pb_row][\/et_pb_section][et_pb_section fb_built=\u00bb1&#8243; admin_label=\u00bbLatest Work Section\u00bb _builder_version=\u00bb4.11.2&#8243; background_enable_color=\u00bboff\u00bb use_background_color_gradient=\u00bbon\u00bb background_color_gradient_start=\u00bbrgba(255,255,255,0.92)\u00bb background_color_gradient_end=\u00bbrgba(255,255,255,0.7)\u00bb background_color_gradient_type=\u00bbradial\u00bb background_color_gradient_overlays_image=\u00bbon\u00bb background_image=\u00bbhttps:\/\/www.ccurbelo.com\/wp-content\/uploads\/2020\/12\/gris-100-scaled.jpg\u00bb custom_padding=\u00bb110px||110px|\u00bb global_colors_info=\u00bb{}\u00bb][et_pb_row _builder_version=\u00bb4.11.2&#8243; _module_preset=\u00bbdefault\u00bb global_colors_info=\u00bb{}\u00bb][et_pb_column type=\u00bb4_4&#8243; _builder_version=\u00bb4.11.2&#8243; _module_preset=\u00bbdefault\u00bb global_colors_info=\u00bb{}\u00bb][dnxte_masonary gallery_ids=\u00bb246771,246772,246774,246775,246776,246778,246779,246780,246781,246784,246786,246787,246789,246790,246791,246793,246795,246796,246797,246799,246800,246802,246804,246805,246806,246808,246809,246811,246812,246814,246815,246819,246817&#8243; _builder_version=\u00bb4.11.4&#8243; _module_preset=\u00bbdefault\u00bb global_colors_info=\u00bb{}\u00bb][\/dnxte_masonary][\/et_pb_column][\/et_pb_row][\/et_pb_section]<\/p>\n","protected":false},"excerpt":{"rendered":"<p>MODA1492La colecci\u00f3n 1492 est\u00e1 inspirada en el momento hist\u00f3rico que se produce justo despu\u00e9s de la llegada de los espa\u00f1oles al continente americano.Canarias es el puesto m\u00e1s al sur de Europa y por ello juega un papel fundamental en el intercambio de productos entre ambos continentes. Fruto de esa situaci\u00f3n, se instalan en canarias mercanc\u00edas [&hellip;]<\/p>\n","protected":false},"author":1,"featured_media":0,"parent":0,"menu_order":0,"comment_status":"closed","ping_status":"closed","template":"","meta":{"_et_pb_use_builder":"on","_et_pb_old_content":"","_et_gb_content_width":""},"_links":{"self":[{"href":"https:\/\/www.ccurbelo.com\/index.php\/wp-json\/wp\/v2\/pages\/246821"}],"collection":[{"href":"https:\/\/www.ccurbelo.com\/index.php\/wp-json\/wp\/v2\/pages"}],"about":[{"href":"https:\/\/www.ccurbelo.com\/index.php\/wp-json\/wp\/v2\/types\/page"}],"author":[{"embeddable":true,"href":"https:\/\/www.ccurbelo.com\/index.php\/wp-json\/wp\/v2\/users\/1"}],"replies":[{"embeddable":true,"href":"https:\/\/www.ccurbelo.com\/index.php\/wp-json\/wp\/v2\/comments?post=246821"}],"version-history":[{"count":4,"href":"https:\/\/www.ccurbelo.com\/index.php\/wp-json\/wp\/v2\/pages\/246821\/revisions"}],"predecessor-version":[{"id":246900,"href":"https:\/\/www.ccurbelo.com\/index.php\/wp-json\/wp\/v2\/pages\/246821\/revisions\/246900"}],"wp:attachment":[{"href":"https:\/\/www.ccurbelo.com\/index.php\/wp-json\/wp\/v2\/media?parent=246821"}],"curies":[{"name":"wp","href":"https:\/\/api.w.org\/{rel}","templated":true}]}}