{"id":246825,"date":"2021-10-23T07:53:52","date_gmt":"2021-10-23T07:53:52","guid":{"rendered":"https:\/\/www.ccurbelo.com\/?page_id=246825"},"modified":"2021-10-23T09:04:42","modified_gmt":"2021-10-23T09:04:42","slug":"videos","status":"publish","type":"page","link":"https:\/\/www.ccurbelo.com\/index.php\/videos\/","title":{"rendered":"V\u00eddeos"},"content":{"rendered":"<p>[et_pb_section fb_built=\u00bb1&#8243; admin_label=\u00bbHero\u00bb _builder_version=\u00bb4.11.4&#8243; custom_padding=\u00bb0px|0px|0px|0px\u00bb animation_style=\u00bbzoom\u00bb animation_intensity_zoom=\u00bb4%\u00bb box_shadow_style=\u00bbpreset1&#8243; global_colors_info=\u00bb{}\u00bb][et_pb_row use_custom_gutter=\u00bbon\u00bb gutter_width=\u00bb1&#8243; make_equal=\u00bbon\u00bb module_class=\u00bb et_pb_row_fullwidth\u00bb _builder_version=\u00bb4.11.4&#8243; background_color=\u00bb#ffffff\u00bb background_enable_image=\u00bboff\u00bb background_position=\u00bbtop_left\u00bb background_repeat=\u00bbrepeat\u00bb width=\u00bb100%\u00bb width_tablet=\u00bb100%\u00bb width_phone=\u00bb\u00bb width_last_edited=\u00bbon|desktop\u00bb max_width=\u00bb100%\u00bb max_width_tablet=\u00bb100%\u00bb max_width_phone=\u00bb\u00bb max_width_last_edited=\u00bbon|desktop\u00bb custom_padding=\u00bb0px||0px|\u00bb animation_style=\u00bbslide\u00bb animation_direction=\u00bbtop\u00bb animation_intensity_slide=\u00bb3%\u00bb make_fullwidth=\u00bbon\u00bb global_colors_info=\u00bb{}\u00bb][et_pb_column type=\u00bb4_4&#8243; _builder_version=\u00bb4.11.3&#8243; use_background_color_gradient=\u00bbon\u00bb background_color_gradient_start=\u00bbrgba(255,255,255,0.27)\u00bb background_color_gradient_end=\u00bbrgba(255,255,255,0.95)\u00bb background_color_gradient_type=\u00bbradial\u00bb background_color_gradient_overlays_image=\u00bbon\u00bb background_image=\u00bbhttps:\/\/www.ccurbelo.com\/wp-content\/uploads\/2020\/12\/gris-100-scaled.jpg\u00bb custom_padding=\u00bb10%|8%|10%|8%\u00bb global_colors_info=\u00bb{}\u00bb custom_padding__hover=\u00bb|||\u00bb][et_pb_text _builder_version=\u00bb4.11.4&#8243; text_font=\u00bb||||||||\u00bb header_font=\u00bbPrata||||||||\u00bb header_text_color=\u00bb#000000&#8243; header_font_size=\u00bb87px\u00bb header_line_height=\u00bb1.3em\u00bb header_2_font=\u00bbPrata||||||||\u00bb background_size=\u00bbinitial\u00bb background_position=\u00bbtop_left\u00bb background_repeat=\u00bbrepeat\u00bb custom_margin=\u00bb1px||29px|||\u00bb animation_style=\u00bbfade\u00bb header_font_size_last_edited=\u00bboff|desktop\u00bb locked=\u00bboff\u00bb global_colors_info=\u00bb{}\u00bb]<\/p>\n<h1>V\u00eddeos<\/h1>\n<p>[\/et_pb_text][\/et_pb_column][\/et_pb_row][\/et_pb_section][et_pb_section fb_built=\u00bb1&#8243; admin_label=\u00bbLatest Work Section\u00bb _builder_version=\u00bb4.11.3&#8243; background_enable_color=\u00bboff\u00bb background_enable_image=\u00bboff\u00bb custom_padding=\u00bb110px||110px|\u00bb global_colors_info=\u00bb{}\u00bb][et_pb_row column_structure=\u00bb1_2,1_2&#8243; _builder_version=\u00bb4.11.4&#8243; _module_preset=\u00bbdefault\u00bb global_colors_info=\u00bb{}\u00bb][et_pb_column type=\u00bb1_2&#8243; _builder_version=\u00bb4.11.4&#8243; _module_preset=\u00bbdefault\u00bb global_colors_info=\u00bb{}\u00bb][et_pb_video_slider _builder_version=\u00bb4.11.4&#8243; _module_preset=\u00bbdefault\u00bb global_colors_info=\u00bb{}\u00bb][et_pb_video_slider_item src=\u00bbhttps:\/\/www.youtube.com\/watch?v=7Ydxgw87tHI\u00bb image_src=\u00bb<iframe title=%22Divi. The Ultimate WordPress Theme And Visual Page Builder%22 width=%221080%22 height=%22608%22 src=%22https:\/\/www.youtube.com\/embed\/FkQuawiGWUw?feature=oembed%22  allow=%22accelerometer; autoplay; clipboard-write; encrypted-media; gyroscope; picture-in-picture%22 allowfullscreen><\/iframe>\u00bb _builder_version=\u00bb4.11.4&#8243; _module_preset=\u00bbdefault\u00bb global_colors_info=\u00bb{}\u00bb show_image_overlay=\u00bboff\u00bb][\/et_pb_video_slider_item][\/et_pb_video_slider][et_pb_text _builder_version=\u00bb4.11.4&#8243; _module_preset=\u00bbdefault\u00bb text_font=\u00bbPrata|700|||||||\u00bb text_text_color=\u00bb#000000&#8243; text_orientation=\u00bbcenter\u00bb global_colors_info=\u00bb{}\u00bb]<\/p>\n<p>AMOR OMNIA VINCIT<\/p>\n<p>[\/et_pb_text][\/et_pb_column][et_pb_column type=\u00bb1_2&#8243; _builder_version=\u00bb4.11.4&#8243; _module_preset=\u00bbdefault\u00bb global_colors_info=\u00bb{}\u00bb][et_pb_video_slider _builder_version=\u00bb4.11.4&#8243; _module_preset=\u00bbdefault\u00bb hover_enabled=\u00bb0&#8243; global_colors_info=\u00bb{}\u00bb sticky_enabled=\u00bb0&#8243;][et_pb_video_slider_item src=\u00bbhttps:\/\/www.youtube.com\/watch?v=6A180PbhW4I&#038;t=114s\u00bb image_src=\u00bb<iframe title=%22Divi. The Ultimate WordPress Theme And Visual Page Builder%22 width=%221080%22 height=%22608%22 src=%22https:\/\/www.youtube.com\/embed\/FkQuawiGWUw?feature=oembed%22  allow=%22accelerometer; autoplay; clipboard-write; encrypted-media; gyroscope; picture-in-picture%22 allowfullscreen><\/iframe>\u00bb _builder_version=\u00bb4.11.4&#8243; _module_preset=\u00bbdefault\u00bb hover_enabled=\u00bb0&#8243; global_colors_info=\u00bb{}\u00bb show_image_overlay=\u00bboff\u00bb sticky_enabled=\u00bb0&#8243;][\/et_pb_video_slider_item][\/et_pb_video_slider][et_pb_text _builder_version=\u00bb4.11.4&#8243; _module_preset=\u00bbdefault\u00bb text_font=\u00bbPrata|700|||||||\u00bb text_text_color=\u00bb#000000&#8243; text_orientation=\u00bbcenter\u00bb hover_enabled=\u00bb0&#8243; global_colors_info=\u00bb{}\u00bb sticky_enabled=\u00bb0&#8243;]<\/p>\n<p>TENERIFE MODA 2018<br \/>Piel y textura<\/p>\n<p>[\/et_pb_text][\/et_pb_column][\/et_pb_row][et_pb_row column_structure=\u00bb1_2,1_2&#8243; _builder_version=\u00bb4.11.4&#8243; _module_preset=\u00bbdefault\u00bb global_colors_info=\u00bb{}\u00bb][et_pb_column type=\u00bb1_2&#8243; _builder_version=\u00bb4.11.4&#8243; _module_preset=\u00bbdefault\u00bb global_colors_info=\u00bb{}\u00bb][et_pb_video_slider _builder_version=\u00bb4.11.4&#8243; _module_preset=\u00bbdefault\u00bb hover_enabled=\u00bb0&#8243; global_colors_info=\u00bb{}\u00bb sticky_enabled=\u00bb0&#8243;][et_pb_video_slider_item src=\u00bbhttps:\/\/www.youtube.com\/watch?v=RoLuFvL0z7A\u00bb image_src=\u00bb<iframe title=%22Divi. The Ultimate WordPress Theme And Visual Page Builder%22 width=%221080%22 height=%22608%22 src=%22https:\/\/www.youtube.com\/embed\/FkQuawiGWUw?feature=oembed%22  allow=%22accelerometer; autoplay; clipboard-write; encrypted-media; gyroscope; picture-in-picture%22 allowfullscreen><\/iframe>\u00bb _builder_version=\u00bb4.11.4&#8243; _module_preset=\u00bbdefault\u00bb hover_enabled=\u00bb0&#8243; global_colors_info=\u00bb{}\u00bb show_image_overlay=\u00bboff\u00bb sticky_enabled=\u00bb0&#8243;][\/et_pb_video_slider_item][\/et_pb_video_slider][et_pb_text _builder_version=\u00bb4.11.4&#8243; _module_preset=\u00bbdefault\u00bb text_font=\u00bbPrata|700|||||||\u00bb text_text_color=\u00bb#000000&#8243; text_orientation=\u00bbcenter\u00bb hover_enabled=\u00bb0&#8243; global_colors_info=\u00bb{}\u00bb sticky_enabled=\u00bb0&#8243;]<\/p>\n<p class=\"p1\">FITUR 2020<br \/>Presentaci\u00f3n de Pascua Florida.<\/p>\n<p>[\/et_pb_text][\/et_pb_column][et_pb_column type=\u00bb1_2&#8243; _builder_version=\u00bb4.11.4&#8243; _module_preset=\u00bbdefault\u00bb global_colors_info=\u00bb{}\u00bb][et_pb_video_slider _builder_version=\u00bb4.11.4&#8243; _module_preset=\u00bbdefault\u00bb hover_enabled=\u00bb0&#8243; global_colors_info=\u00bb{}\u00bb sticky_enabled=\u00bb0&#8243;][et_pb_video_slider_item src=\u00bbhttps:\/\/www.youtube.com\/watch?v=Bc-5OO-zD1c\u00bb image_src=\u00bb<iframe title=%22Divi. The Ultimate WordPress Theme And Visual Page Builder%22 width=%221080%22 height=%22608%22 src=%22https:\/\/www.youtube.com\/embed\/FkQuawiGWUw?feature=oembed%22  allow=%22accelerometer; autoplay; clipboard-write; encrypted-media; gyroscope; picture-in-picture%22 allowfullscreen><\/iframe>\u00bb _builder_version=\u00bb4.11.4&#8243; _module_preset=\u00bbdefault\u00bb hover_enabled=\u00bb0&#8243; global_colors_info=\u00bb{}\u00bb show_image_overlay=\u00bboff\u00bb sticky_enabled=\u00bb0&#8243;][\/et_pb_video_slider_item][\/et_pb_video_slider][et_pb_text _builder_version=\u00bb4.11.4&#8243; _module_preset=\u00bbdefault\u00bb text_font=\u00bbPrata|700|||||||\u00bb text_text_color=\u00bb#000000&#8243; text_orientation=\u00bbcenter\u00bb hover_enabled=\u00bb0&#8243; global_colors_info=\u00bb{}\u00bb sticky_enabled=\u00bb0&#8243;]<\/p>\n<p class=\"p1\">BEL\u00c9N DE CARLOS CURBELO\u00a0<\/p>\n<p>[\/et_pb_text][\/et_pb_column][\/et_pb_row][\/et_pb_section]<\/p>\n","protected":false},"excerpt":{"rendered":"<p>V\u00eddeosAMOR OMNIA VINCITTENERIFE MODA 2018Piel y texturaFITUR 2020Presentaci\u00f3n de Pascua Florida.BEL\u00c9N DE CARLOS CURBELO\u00a0<\/p>\n","protected":false},"author":1,"featured_media":0,"parent":0,"menu_order":0,"comment_status":"closed","ping_status":"closed","template":"","meta":{"_et_pb_use_builder":"on","_et_pb_old_content":"","_et_gb_content_width":""},"_links":{"self":[{"href":"https:\/\/www.ccurbelo.com\/index.php\/wp-json\/wp\/v2\/pages\/246825"}],"collection":[{"href":"https:\/\/www.ccurbelo.com\/index.php\/wp-json\/wp\/v2\/pages"}],"about":[{"href":"https:\/\/www.ccurbelo.com\/index.php\/wp-json\/wp\/v2\/types\/page"}],"author":[{"embeddable":true,"href":"https:\/\/www.ccurbelo.com\/index.php\/wp-json\/wp\/v2\/users\/1"}],"replies":[{"embeddable":true,"href":"https:\/\/www.ccurbelo.com\/index.php\/wp-json\/wp\/v2\/comments?post=246825"}],"version-history":[{"count":4,"href":"https:\/\/www.ccurbelo.com\/index.php\/wp-json\/wp\/v2\/pages\/246825\/revisions"}],"predecessor-version":[{"id":246831,"href":"https:\/\/www.ccurbelo.com\/index.php\/wp-json\/wp\/v2\/pages\/246825\/revisions\/246831"}],"wp:attachment":[{"href":"https:\/\/www.ccurbelo.com\/index.php\/wp-json\/wp\/v2\/media?parent=246825"}],"curies":[{"name":"wp","href":"https:\/\/api.w.org\/{rel}","templated":true}]}}